{"id":194346,"date":"2020-09-11T16:01:18","date_gmt":"2020-09-11T14:01:18","guid":{"rendered":"https:\/\/www.cronacaonline.it\/?page_id=194346"},"modified":"2020-09-21T17:43:31","modified_gmt":"2020-09-21T15:43:31","slug":"cookie-policy","status":"publish","type":"page","link":"https:\/\/www.cronacaonline.it\/index.php\/cookie-policy\/","title":{"rendered":"Cookie Policy"},"content":{"rendered":"\n<h2>Uso dei cookie<\/h2>\n\n\n\n<p>Il \"Sito\" (cronacaonline.it) utilizza i Cookie per rendere i propri servizi semplici e efficienti per l\u2019utenza che visiona le pagine di cronacaonline.it. Gli utenti che visionano il Sito, vedranno inserite delle quantit\u00e0 minime di informazioni nei dispositivi in uso, che siano computer e periferiche mobili, in piccoli file di testo denominati \u201ccookie\u201d salvati nelle directory utilizzate dal browser web dell\u2019Utente. Vi sono vari tipi di cookie, alcuni per rendere pi\u00f9 efficace l\u2019uso del Sito, altri per abilitare determinate funzionalit\u00e0.<\/p>\n\n\n\n<p>Analizzandoli in maniera particolareggiata i nostri cookie permettono di:<\/p>\n\n\n\n<ul><li>memorizzare le preferenze inserite;<\/li><li>evitare di reinserire le stesse informazioni pi\u00f9 volte durante la visita quali ad esempio nome utente e password;<\/li><li>analizzare l\u2019utilizzo dei servizi e dei contenuti forniti da cronacaonline.it per ottimizzarne l\u2019esperienza di navigazione e i servizi offerti.<\/li><\/ul>\n\n\n\n<h2>Tipologie di Cookie<\/h2>\n\n\n\n<h3>Cookie tecnici<\/h3>\n\n\n\n<p>Questa tipologia di cookie permette il corretto funzionamento di alcune sezioni del Sito. Sono di due categorie: persistenti e di sessione:<\/p>\n\n\n\n<ul><li>persistenti: una volta chiuso il browser non vengono distrutti ma rimangono fino ad una data di scadenza preimpostata<\/li><li>di sessione: vengono distrutti ogni volta che il browser viene chiuso<\/li><\/ul>\n\n\n\n<p>Questi cookie, inviati sempre dal nostro dominio, sono necessari a visualizzare correttamente il sito e in relazione ai servizi tecnici offerti, verranno quindi sempre utilizzati e inviati, a meno che l\u2019utenza non modifichi le impostazioni nel proprio browser (inficiando cos\u00ec la visualizzazione delle pagine del sito).<\/p>\n\n\n\n<h3>Cookie analitici<\/h3>\n\n\n\n<p>I cookie in questa categoria vengono utilizzati per collezionare informazioni sull\u2019uso del sito. Cronacaonline.it user\u00e0 queste informazioni in merito ad analisi statistiche anonime al fine di migliorare l\u2019utilizzo del Sito e per rendere i contenuti pi\u00f9 interessanti e attinenti ai desideri dell\u2019utenza. Questa tipologia di cookie raccoglie dati in forma anonima sull\u2019attivit\u00e0 dell\u2019utenza e su come \u00e8 arrivata sul Sito. I cookie analitici sono inviati dal Sito Stesso o da domini di terze parti.<\/p>\n\n\n\n<h3>Cookie di analisi di servizi di terze parti<\/h3>\n\n\n\n<p>Questi cookie sono utilizzati al fine di raccogliere informazioni sull\u2019uso del Sito da parte degli utenti in forma anonima quali: pagine visitate, tempo di permanenza, origini del traffico di provenienza, provenienza geografica, et\u00e0, genere e interessi ai fini di campagne di marketing. Questi cookie sono inviati da domini di terze parti esterni al Sito.<\/p>\n\n\n\n<h3>Cookie per integrare prodotti e funzioni di software di terze parti<\/h3>\n\n\n\n<p>Questa tipologia di cookie integra funzionalit\u00e0 sviluppate da terzi all\u2019interno delle pagine del Sito come le icone e le preferenze espresse nei social network al fine di condivisione dei contenuti del sito o per l\u2019uso di servizi software di terze parti (come i software per generare le mappe e ulteriori software che offrono servizi aggiuntivi). Questi cookie sono inviati da domini di terze parti e da siti partner che offrono le loro funzionalit\u00e0 tra le pagine del Sito.<\/p>\n\n\n\n<h3>Cookie di profilazione<\/h3>\n\n\n\n<p>Sono quei cookie necessari a creare profili utenti al fine di inviare messaggi pubblicitari in linea con le preferenze manifestate dall\u2019utente all\u2019interno delle pagine del Sito.<\/p>\n\n\n\n<p>Cronacaonline.it, secondo la normativa vigente, non \u00e8 tenuto a chiedere consenso per i cookie tecnici e di analytics, in quanto necessari a fornire i servizi richiesti.<\/p>\n\n\n\n<p>Per tutte le altre tipologie di cookie il consenso pu\u00f2 essere espresso dall\u2019Utente con una o pi\u00f9 di una delle seguenti modalit\u00e0:<\/p>\n\n\n\n<ul><li>Mediante specifiche configurazioni del browser utilizzato o dei relativi programmi informatici utilizzati per navigare le pagine che compongono il Sito.<\/li><li>Mediante modifica delle impostazioni nell\u2019uso dei servizi di terze parti<\/li><\/ul>\n\n\n\n<p><strong>Entrambe queste soluzioni potrebbero impedire all\u2019utente di utilizzare o visualizzare parti del Sito.<\/strong><\/p>\n\n\n\n<h3>Siti Web e servizi di terze parti<\/h3>\n\n\n\n<p>Il Sito potrebbe contenere collegamenti ad altri siti Web che dispongono di una propria informativa sulla privacy che pu\u00f2 essere diverse da quella adottata da cronacaonline.it e che che quindi non risponde di questi siti.<\/p>\n\n\n\n<p>Ultimo aggiornamento 11\/09\/2020<\/p>\n\n\n\n<h2>Come disabilitare i cookie mediante configurazione del browser<\/h2>\n\n\n\n<p>Se desideri approfondire le modalit\u00e0 con cui il tuo browser memorizza i cookies durante la tua navigazione, ti invitiamo a seguire questi link sui siti dei rispettivi fornitori.<\/p>\n\n\n\n<figure class=\"wp-block-table\"><table><tbody><tr><td><a href=\"https:\/\/support.mozilla.org\/it\/kb\/Gestione%20dei%20cookie\" target=\"_blank\" rel=\"noreferrer noopener\">Mozilla Firefox<\/a><\/td><td>https:\/\/support.mozilla.org\/it\/kb\/Gestione%20dei%20cookie<\/td><\/tr><tr><td><a href=\"https:\/\/support.google.com\/chrome\/answer\/95647?hl=it\" target=\"_blank\" rel=\"noreferrer noopener\">Google Chrome<\/a><\/td><td>https:\/\/support.google.com\/chrome\/answer\/95647?hl=it<\/td><\/tr><tr><td><a href=\"http:\/\/windows.microsoft.com\/it-it\/windows-vista\/block-or-allow-cookies\" target=\"_blank\" rel=\"noreferrer noopener\">Internet Explorer<\/a><\/td><td>http:\/\/windows.microsoft.com\/it-it\/windows-vista\/block-or-allow-cookies<\/td><\/tr><tr><td><a href=\"https:\/\/support.apple.com\/kb\/PH17191?viewlocale=it_IT&amp;locale=en_US\" target=\"_blank\" rel=\"noreferrer noopener\">Safari 6\/7 Mavericks<\/a><\/td><td>https:\/\/support.apple.com\/kb\/PH17191?viewlocale=it_IT&amp;locale=it_IT<\/td><\/tr><tr><td><a href=\"https:\/\/support.apple.com\/kb\/PH19214?viewlocale=it_IT&amp;locale=en_US\" target=\"_blank\" rel=\"noreferrer noopener\">Safari 8 Yosemite<\/a><\/td><td>https:\/\/support.apple.com\/kb\/PH19214?viewlocale=it_IT&amp;locale=it_IT<\/td><\/tr><tr><td><a href=\"https:\/\/support.apple.com\/it-it\/HT201265\" target=\"_blank\" rel=\"noreferrer noopener\">Safari su iPhone, iPad, o iPod touch<\/a><\/td><td>https:\/\/support.apple.com\/it-it\/HT201265<\/td><\/tr><\/tbody><\/table><\/figure>\n\n\n\n<p>Nel caso in cui il tuo browser non sia presente all'interno di questo elenco puoi richiedere maggiori informazioni inviando una email all'indirizzo direttore@cronacaonline.it. Provvederemo a fornirti le informazioni necessarie per una navigazione anonima e sicura.<\/p>\n\n\n\n<h2>Elenco dei coookie trattati da questo sito<\/h2>\n\n\n\n<p><strong>WordPress<\/strong><\/p>\n\n\n\n<ul><li>PHPSESSID (Sessione): identifica la singola sessione di un utente<\/li><li>wp-settings: questo cookie \u00e8 usato per personalizzare la tua visione dell\u2019interfaccia di amministratore e anche possibilmente l\u2019interfaccia integrale del sito<\/li><li>wp-settings-time: questo cookie verifica se tu sei loggato o meno al sito (accesso riservato all\u2019amministratore)<\/li><li>wordpress-test-cookie: verifica uso cookie da parte di WordPress<\/li><li>wordpress_logged_in: verifica il login nella piattaforma WordPress<\/li><li>bp_ut_session, bp_user_role, bp_user_registered: Gestione utente WordPress<\/li><li>__stripe_mid: Cookie di gestione per Stripe<\/li><li>intercom_session, mp_mixpanel: Altri cookie<\/li><\/ul>\n\n\n\n<p><strong>YouTube<\/strong><\/p>\n\n\n\n<p>Alcune pagine web di questo sito web incorporano al loro interno dei contenuti video di YouTube. Quando visiti una pagina contenente un video di YouTube, o fai clic per visualizzare il video, potrebbero essere richiamati cookie provenienti da YouTube. Questo sito non controlla le impostazioni di tali cookie. Per saperne di pi\u00f9 visita subito la pagina&nbsp;<a href=\"https:\/\/www.google.it\/intl\/it\/policies\/technologies\/cookies\/\">informativa di YouTube<\/a>&nbsp;sui video incorporati nelle pagine Web.<\/p>\n\n\n\n<ul><li>YSC (2 anni)<\/li><li>VISITOR_INFO1_LIVE (2 anni)<\/li><li>yt-remote-cast-installed (2 anni)<\/li><li>yt-remote-connected-devices<\/li><li>yt-remote-device-id<\/li><li>yt-remote-session-app<\/li><li>yt-remote-session-name<\/li><\/ul>\n\n\n\n<h2>Google AdSense (DoubleClick)<\/h2>\n\n\n\n<p>Questo sito Web utilizza Google AdSense, un servizio per includere la pubblicit\u00e0 di Google Inc. (\u201cGoogle\u201d). Google AdSense utilizza i cosiddetti \u201ccookie\u201d, file di testo che vengono salvati sul tuo computer e che consentono un\u2019analisi dell\u2019utilizzo del sito Web. Google AdSense utilizza inoltre i cosiddetti Web beacon (grafici invisibili). Questi Web beacon permettono di valutare le informazioni come il traffico dei visitatori su queste pagine.<br>Le informazioni generate tramite cookie e Web beacon circa l\u2019utilizzo di questo sito (compreso il tuo indirizzo IP) e la consegna dei formati pubblicitari vengono trasmesse a un server di Google negli Stati Uniti e memorizzate l\u00ec. Queste informazioni possono essere trasmesse, da Google, ai suoi partner. Google, tuttavia, non assocer\u00e0 il tuo indirizzo IP con altre tue informazioni memorizzate.<\/p>\n\n\n\n<p> ide: \u00e8 un cookie persistente generato da DoubleClick per le finalit\u00e0 sopra descritte (390 giorni)<\/p>\n\n\n\n<p>test_cookie:  \u00e8 un cookie persistente generato da DoubleClick per le finalit\u00e0 sopra descritte<\/p>\n\n\n\n<p><\/p>\n\n\n\n<p>DoubleClick for Publishers \u00e8 un servizio di advertising fornito da Google Inc. con il quale il Titolare pu\u00f2 condurre campagne pubblicitarie congiuntamente a reti pubblicitarie esterne con cui il Titolare, se non in altro modo specificato nel presente documento, non ha alcuna relazione diretta.<br>Per una comprensione dell\u2019utilizzo dei dati da parte di Google, si prega di consultare le&nbsp;<a href=\"https:\/\/www.google.com\/intl\/it\/policies\/privacy\/partners\/\">norme per i partner di Google<\/a>. DoubleClick utilizza i cookie per migliorare la pubblicit\u00e0. I cookie sono utilizzati comunemente, per esempio, per selezionare le pubblicit\u00e0 in base a ci\u00f2 che \u00e8 pertinente per un utente, per migliorare i rapporti sul rendimento delle campagne e per impedire che l\u2019utente visualizzi annunci gi\u00e0 mostrati in passato. I cookie di DoubleClick non contengono informazioni che consentono l\u2019identificazione personale degli utenti. Dietro autorizzazione da parte dell\u2019utente e del publisher, le informazioni associate al cookie DoubleClick possono essere aggiunte all\u2019account Google di quell\u2019utente.<\/p>\n\n\n\n<h2>Linkedin<\/h2>\n\n\n\n<p>Linkedin \u00e8 un servizio di social network per i lavoratori. &nbsp;L\u2019utilizzo pi\u00f9 comune dei social plugin \u00e8 finalizzato alla condivisione dei contenuti sui social network. La presenza di questi plugin comporta la trasmissione di cookie da e verso tutti i siti gestiti da terze parti. La gestione delle informazioni raccolte da \u201cterze parti\u201d \u00e8 disciplinata dalle relative informative cui si prega di fare riferimento. Per garantire una maggiore trasparenza e comodit\u00e0, si riportano qui di seguito gli indirizzi web delle diverse informative e delle modalit\u00e0 per la gestione dei cookie in quanto Cronacaonline non ha nessun controllo diretto sul trattamento dei cookie da parte di questi Servizi Esterni.<\/p>\n\n\n\n<p>bcookie: Utilizzato dal servizio di social network LinkedIn per tracciare l'utilizzo di servizi integrati (2anni).<\/p>\n\n\n\n<p>bscookie: Utilizzato dal servizio di social network LinkedIn per tracciare l'utilizzo di servizi integrati (2anni).<\/p>\n\n\n\n<p>lidc: Utilizzato dal servizio di social network LinkedIn per tracciare l'utilizzo di servizi integrati(1giorno).<\/p>\n\n\n\n<p>lissc: Utilizzato dal servizio di social network LinkedIn per tracciare l'utilizzo di servizi integrati(1anno).<\/p>\n\n\n\n<h2>Corriere della Sera<\/h2>\n\n\n\n<p>Il corriere della sera (corriere.it) \u00e8 una testata giornalistica online che mette a disposizione liberamente un codice (iframe) per la condivisione su altri siti di contenuti video. I cookie che vengono salvati dal corriere della sera, sono necessari per il corretto funzionamento del player video che permette la fruizione di tali contenuti.<\/p>\n\n\n\n<p>TSstop: cookie di tracciamento del servizio del sito (365giorni)<\/p>\n\n\n\n<p>__chkGDPR: cookie relativa all'accettazione della privacy per il player video (360giorni)<\/p>\n\n\n\n<p>__chkCP: cookie relativo all'accettazione della cookie policy per il player video (360giorni)<\/p>\n\n\n\n<p>_cb_ls: cookie relativo all'utilizzo del player video (395giorni)<\/p>\n","protected":false},"excerpt":{"rendered":"<p>Uso dei cookie Il &#8220;Sito&#8221; (cronacaonline.it) utilizza i Cookie per rendere i propri servizi semplici e efficienti per l\u2019utenza che visiona le pagine di cronacaonline.it.&#8230;<\/p>\n","protected":false},"author":2,"featured_media":0,"parent":0,"menu_order":0,"comment_status":"closed","ping_status":"closed","template":"","meta":[],"_links":{"self":[{"href":"https:\/\/www.cronacaonline.it\/index.php\/wp-json\/wp\/v2\/pages\/194346"}],"collection":[{"href":"https:\/\/www.cronacaonline.it\/index.php\/wp-json\/wp\/v2\/pages"}],"about":[{"href":"https:\/\/www.cronacaonline.it\/index.php\/wp-json\/wp\/v2\/types\/page"}],"author":[{"embeddable":true,"href":"https:\/\/www.cronacaonline.it\/index.php\/wp-json\/wp\/v2\/users\/2"}],"replies":[{"embeddable":true,"href":"https:\/\/www.cronacaonline.it\/index.php\/wp-json\/wp\/v2\/comments?post=194346"}],"version-history":[{"count":6,"href":"https:\/\/www.cronacaonline.it\/index.php\/wp-json\/wp\/v2\/pages\/194346\/revisions"}],"predecessor-version":[{"id":194852,"href":"https:\/\/www.cronacaonline.it\/index.php\/wp-json\/wp\/v2\/pages\/194346\/revisions\/194852"}],"wp:attachment":[{"href":"https:\/\/www.cronacaonline.it\/index.php\/wp-json\/wp\/v2\/media?parent=194346"}],"curies":[{"name":"wp","href":"https:\/\/api.w.org\/{rel}","templated":true}]}}